{"id":764,"date":"2017-01-12T18:49:05","date_gmt":"2017-01-12T17:49:05","guid":{"rendered":"https:\/\/wtplfrindexphpfr.wordpress.com\/?page_id=764"},"modified":"2017-10-07T17:53:00","modified_gmt":"2017-10-07T15:53:00","slug":"rs","status":"publish","type":"page","link":"https:\/\/wtpl.fr\/index.php\/rs\/","title":{"rendered":"R&#038;S"},"content":{"rendered":"<p><span style=\"color: #2a881b;\"><b><a style=\"color: #2a881b;\" href=\"https:\/\/wtplfrindexphpfr.wordpress.com\/raphael-breil\/\" target=\"_blank\" rel=\"noopener\">Rapha\u00ebl Breil<\/a><\/b><\/span><\/p>\n<p><a href=\"https:\/\/www.facebook.com\/OryaneWilson\/\"><strong>Rayon X<\/strong><\/a><\/p>\n<p><span style=\"color: #2a881b;\"><b><a style=\"color: #2a881b;\" href=\"http:\/\/www.rodrigueweb.com\/news\" target=\"_blank\" rel=\"noopener\">Rodrigue<\/a><\/b><\/span><\/p>\n<p><span style=\"color: #2a881b;\"><b><a style=\"color: #2a881b;\" href=\"http:\/\/www.sajadi.ch\" target=\"_blank\" rel=\"noopener\">Sajadi<\/a><\/b><\/span><\/p>\n<p><span style=\"color: #2a881b;\"><b><a style=\"color: #2a881b;\" href=\"https:\/\/www.facebook.com\/scarletqueens\/?ref=page_internal\" target=\"_blank\" rel=\"noopener\">Scarlet Queens<\/a><\/b><\/span><\/p>\n<p><a href=\"http:\/\/scratchophoneorchestra.com\/\" target=\"_blank\" rel=\"noopener\"><strong>ScrAtchOphoNe OrchEstrA<\/strong><\/a><\/p>\n<p><strong><span style=\"color: #2a881b;\"><a style=\"color: #2a881b;\" href=\"https:\/\/www.facebook.com\/sebpeiry\/\" target=\"_blank\" rel=\"noopener\">S\u00e9bastien Peiry<\/a><\/span><\/strong><\/p>\n<p><span style=\"color: #2a881b;\"><b><a style=\"color: #2a881b;\" href=\"https:\/\/wtplfrindexphpfr.wordpress.com\/sith\/\" target=\"_blank\" rel=\"noopener\">Sith<\/a><\/b><\/span><\/p>\n<p><span style=\"color: #2a881b;\"><b><a style=\"color: #2a881b;\" href=\"https:\/\/wtplfrindexphpfr.wordpress.com\/sorry-et-toutes-ses-excuses\/\" target=\"_blank\" rel=\"noopener\">Sorry et toutes ses excuses<\/a><\/b><\/span><\/p>\n<p><span style=\"color: #2a881b;\"><b><a style=\"color: #2a881b;\" href=\"https:\/\/wtplfrindexphpfr.wordpress.com\/stephane-milas-didascalie\/\" target=\"_blank\" rel=\"noopener\">St\u00e9phane Milas &#8211; Didascalie<\/a><\/b><\/span><\/p>\n<p><b><\/b><span style=\"color: #2a881b;\"><b><a style=\"color: #2a881b;\" href=\"https:\/\/fr.wikipedia.org\/wiki\/Stress_(rappeur)\" target=\"_blank\" rel=\"noopener\">Stress<\/a><\/b><\/span><\/p>\n<p><span style=\"color: #2a881b;\"><b><a style=\"color: #2a881b;\" href=\"https:\/\/wtplfrindexphpfr.wordpress.com\/suite-dreams\/\" target=\"_blank\" rel=\"noopener\">Suite Dreams<\/a><\/b><\/span><\/p>\n<p><span style=\"color: #2a881b;\"><b><a style=\"color: #2a881b;\" href=\"http:\/\/www.music-berbere.com\/artiste-kamel-syamour-ia-427.html\" target=\"_blank\" rel=\"noopener\">Syamour<\/a><\/b><\/span><\/p>\n","protected":false},"excerpt":{"rendered":"<p>Rapha\u00ebl Breil Rayon X Rodrigue Sajadi Scarlet Queens ScrAtchOphoNe OrchEstrA S\u00e9bastien Peiry Sith Sorry et toutes ses excuses St\u00e9phane Milas &#8211; Didascalie Stress Suite Dreams Syamour<\/p>\n","protected":false},"author":1,"featured_media":0,"parent":0,"menu_order":0,"comment_status":"closed","ping_status":"closed","template":"","meta":[],"_links":{"self":[{"href":"https:\/\/wtpl.fr\/index.php\/wp-json\/wp\/v2\/pages\/764"}],"collection":[{"href":"https:\/\/wtpl.fr\/index.php\/wp-json\/wp\/v2\/pages"}],"about":[{"href":"https:\/\/wtpl.fr\/index.php\/wp-json\/wp\/v2\/types\/page"}],"author":[{"embeddable":true,"href":"https:\/\/wtpl.fr\/index.php\/wp-json\/wp\/v2\/users\/1"}],"replies":[{"embeddable":true,"href":"https:\/\/wtpl.fr\/index.php\/wp-json\/wp\/v2\/comments?post=764"}],"version-history":[{"count":3,"href":"https:\/\/wtpl.fr\/index.php\/wp-json\/wp\/v2\/pages\/764\/revisions"}],"predecessor-version":[{"id":2465,"href":"https:\/\/wtpl.fr\/index.php\/wp-json\/wp\/v2\/pages\/764\/revisions\/2465"}],"wp:attachment":[{"href":"https:\/\/wtpl.fr\/index.php\/wp-json\/wp\/v2\/media?parent=764"}],"curies":[{"name":"wp","href":"https:\/\/api.w.org\/{rel}","templated":true}]}}