{"id":615,"date":"2017-01-12T16:35:36","date_gmt":"2017-01-12T15:35:36","guid":{"rendered":"https:\/\/wtplfrindexphpfr.wordpress.com\/?page_id=615"},"modified":"2017-01-12T16:35:36","modified_gmt":"2017-01-12T15:35:36","slug":"mounir-belkhir","status":"publish","type":"page","link":"https:\/\/wtpl.fr\/index.php\/mounir-belkhir\/","title":{"rendered":"Mounir Belkhir"},"content":{"rendered":"<p>COMPOSITEUR AUX MULTIPLES FACETTES<\/p>\n<p><b>On l&rsquo;appelle \u00ab\u00a0the poetic producer\u00a0\u00bb, \u00ab\u00a0the soulful producer\u00a0\u00bb, le \u00ab\u00a0magicien\u00a0\u00bb, il est l&rsquo;homme de tous les possibles, du Hip Hop \u00e0 la chanson fran\u00e7aise, en passant par le jazz, la soul, le ragga, la musique africaine, la musique de film, ou bien le slam&#8230;bref, il sait tout faire.<\/b><\/p>\n<p><b>Cet artiste autodidacte et multi instrumentiste, qu&rsquo;aucun challenge n&rsquo;effraie, est probablement aujourd&rsquo;hui l&rsquo;un des compositeurs les plus talentueux et les plus respect\u00e9s du paysage musical.<\/b><\/p>\n<p><b><i>GENESE<\/i><\/b><\/p>\n<p>Mounir Belkhir voit le jour le 24 d\u00e9cembre 1972 \u00e0 Marseille dans le seizi\u00e8me arrondissement.<\/p>\n<p>C&rsquo;est aux micocouliers, une cit\u00e9 des quartiers nord, qu&rsquo;il sera \u00e9lev\u00e9 avec ses sept fr\u00e8res et s\u0153urs. Il est issu d&rsquo;une famille modeste, son p\u00e8re est ouvrier et sa m\u00e8re s&rsquo;occupe des enfants \u00e0 la maison.<\/p>\n<p>Il d\u00e9veloppe tr\u00e8s t\u00f4t une sensibilit\u00e9 \u00e0 la musique, ses fr\u00e8res diront de lui qu&rsquo;il battait la mesure d\u00e8s l&rsquo;\u00e2ge de 3, 4 ans.<\/p>\n<p>Toute son enfance est berc\u00e9e par un univers musical h\u00e9t\u00e9roclite. A la maison, on \u00e9coute de tout, de la musique traditionnelle orientale, \u00e0 la soul, au funk \u00e0 la pop ou au reggae.<\/p>\n<p>Vers 11 ans, il se met \u00e0 manipuler les magn\u00e9tos cassette, et trois ans plus tard il devient DJ.<\/p>\n<p><b><i>LA REVELATION<\/i><\/b><\/p>\n<p>Le v\u00e9ritable choc c&rsquo;est lorsque pour la premi\u00e8re fois il entend \u00e0 la radio les remixes de deux DJ espagnols.Il convainc alors sa famille de lui offrir son premier sampler. Depuis il ne se d\u00e9tache plus de son clavier. D\u00e9sireux de passer \u00e0 autre chose, il d\u00e9cide d&#8217;emm\u00e9nager une vieille cave de son immeuble en un v\u00e9ritable petit studio d&rsquo;enregistrement. Dans \u00ab\u00a0ce trou \u00e0 rats\u00a0\u00bb comme certains l&rsquo;app\u00e8leront, Mounir passe tout son temps \u00e0 y faire de la musique.<\/p>\n<p><b><i>LE RAP<\/i><\/b><\/p>\n<p>D\u00e9but 90, c&rsquo;est avec l&rsquo;\u00e9mergence de Hip Hop en France que Mounir cr\u00e9e son premier groupe de Rap \u00ab\u00a0UPTOWN\u00a0\u00bb, un des plus connus aux c\u00f4t\u00e9s de I&rsquo;AM. C&rsquo;est au sein de cette formation qu&rsquo;il forge et parfait ses premi\u00e8res armes musicales. Il produit un mini album aux productions raffin\u00e9es et originales qui l&#8217;emm\u00e8nent \u00e0 collaborer avec de nombreux autres artistes nationaux. Il sillonne la France, l&rsquo;Europe et s&rsquo;envole en 1996 vers Chicago enregistrer deux titres aux \u00ab\u00a0Streeterville studios\u00a0\u00bb.<\/p>\n<p><b><i>LE CONTRAT<\/i><\/b><\/p>\n<p>Son d\u00e9sir d&rsquo;aller au bout de sa passion et d&rsquo;en faire son m\u00e9tier, am\u00e8ne Mounir \u00e0 arr\u00eater ses \u00e9tudes universitaires en \u00e9conomie pour se consacrer pleinement \u00e0 la musique. Son manager l&rsquo;encourage \u00e0 pr\u00e9senter ses maquettes aupr\u00e8s des maisons de disque. A 24 ans son premier rendez-vous chez VIRGIN MUSIC est concluant, il signe son premier contrat.<\/p>\n<p><b><i>TOUT S&rsquo;ENCHA\u00ceNE<\/i><\/b><\/p>\n<p>A partir de 1997 tout s&rsquo;encha\u00eene pour Mounir. Il multiplie les projets et ce, dans des registres tr\u00e8s diff\u00e9rents.<\/p>\n<p><b><i>1997<\/i><\/b><\/p>\n<p>Il collabore avec le groupe Rap le plus populaire du S\u00e9n\u00e9gal, \u00ab\u00a0Positive Black Soul\u00a0\u00bb. Il compose six titres de l&rsquo;album \u00ab\u00a0New York \u2013 Paris &#8211; Dakar\u00a0\u00bb et enregistre \u00e0 New York aux studios \u00ab\u00a0Green Street\u00a0\u00bb, temple du Hip Hop new-yorkais et mondial. Il est au c\u00f4t\u00e9 de Scott Harding qui a particip\u00e9 aux albums du Wu Tang Clan et Gravediggaz.<\/p>\n<p><b><i>1998<\/i><\/b><\/p>\n<p>Il participe \u00e0 la r\u00e9alisation du premier album des Nubians \u00ab\u00a0Princesses nubiennes\u00a0\u00bb. Il compose cinq titres dont MAKEDA qui lui a valu une r\u00e9compense aux \u00ab\u00a0Soul Train Award \u00a0\u00bb.<\/p>\n<p>Un album sacr\u00e9 disque d&rsquo;or aux Etats-Unis.<\/p>\n<p><b><i>1999<\/i><\/b><\/p>\n<p>\u00ab\u00a0On tourne en rond\u00a0\u00bb, c&rsquo;est le titre de l&rsquo;album de China, la fille de la chanteuse de jazz Dee Dee Bridgewater, sur lequel Mounir posera sa griffe. Il compose six titres dont le fameux \u00ab\u00a0\u00eatre l\u00e0-bas\u00a0\u00bb repris par Diam&rsquo;s.<\/p>\n<p>Il produit la m\u00eame p\u00e9riode dix titres pour Prodige Namor sur l&rsquo;album \u00ab\u00a0L&rsquo;heure de v\u00e9rit\u00e9\u00a0\u00bb.<\/p>\n<p><b><i>2000<\/i><\/b><\/p>\n<p>Il compose deux titres pour Assassin sur l&rsquo;album \u00ab\u00a0Touche d&rsquo;espoir\u00a0\u00bb, un des groupes les plus importants de la sc\u00e8ne Hip Hop en France.<\/p>\n<p>Il sera aux c\u00f4t\u00e9s de K-mel d&rsquo;Alliance Ethnik et Jimi Sissoko pour la r\u00e9alisation du titre de Francis Cabrel \u00ab\u00a0petite marie\u00a0\u00bb dans le cadre de la compilation \u00ab\u00a0Hip Hop\u00e9e\u00a0\u00bb.<\/p>\n<p>Dans un autre style, il compose quatre th\u00e8mes pour les dessins anim\u00e9s \u00ab\u00a0Les lascars\u00a0\u00bb, diffus\u00e9s sur MCM et Canal Plus.<\/p>\n<p><b><i>2001<\/i><\/b><\/p>\n<p>Il est sollicit\u00e9 pour la composition de th\u00e8mes et de chansons pour la s\u00e9rie \u00ab\u00a0Sous le soleil\u00a0\u00bb sur TF1 et la s\u00e9rie \u00ab\u00a0Dock 13\u00a0\u00bb sur M6.<\/p>\n<p>Il part pour Bruxelles enregistrer une reprise de Curtis Mayfield \u00ab\u00a0move on up\u00a0\u00bb pour\u00a0 Natalie Lorio ,une artiste Warner, au studio \u00ab\u00a0I.C.P\u00a0\u00bb, l&rsquo;un des plus importants studios d&rsquo;enregistrement d&rsquo;Europe.<\/p>\n<p><b><i>2002<\/i><\/b><\/p>\n<p>R\u00e9alisation du deuxi\u00e8me opus \u00ab\u00a0One step forward\u00a0\u00bb, du groupe Les Nubians. Il compose dix titres dont \u00ab\u00a0J&rsquo;veux de la musique\u00a0\u00bb nomin\u00e9 aux \u00ab\u00a0Grammy Awards\u00a0\u00bb en comp\u00e9tition avec \u00ab\u00a0Les black eye pies\u00a0\u00bb.<\/p>\n<p>Des extraits de ses compositions seront utilis\u00e9s dans de nombreuses s\u00e9ries am\u00e9ricaines. Parmi elles, la c\u00e9l\u00e8bre s\u00e9rie \u00ab\u00a0Urgence\u00a0\u00bb.<\/p>\n<p><b><i>2003<\/i><\/b><\/p>\n<p>Il entame une tourn\u00e9e de deux mois aux Etats-Unis aux c\u00f4t\u00e9s des Nubians. Il se produira\u00a0 \u00e0 Philadelphie, Chicago, New York, Nouvelle-Orl\u00e9ans, Las vegas, Los Angeles, San Francisco&#8230;<\/p>\n<p><b><i>2004<\/i><\/b><\/p>\n<p>Il devient responsable artistique du Label Music Art Productions, il s&rsquo;occupe de d\u00e9velopper quatre artistes dans des registres diff\u00e9rents dont M\u00e9lissa (r\u00e9v\u00e9lation RNB 2007) avec laquelle il travaille pendant plus d&rsquo;un an.<\/p>\n<p>Il compose un titre pour la compilation \u00ab\u00a0OM ALL STARS\u00a0\u00bb avec le morceau \u00ab\u00a060 000\u00a0\u00bb et un titre sur la bande originale du film de Luc Besson \u00ab\u00a0BANLIEUE 13\u00a0\u00bb<b>\u00a0<\/b>avec \u00ab\u00a0\u00e9coute l&rsquo;\u00e9cho\u00a0\u00bb.<\/p>\n<p><b><i>2005<\/i><\/b><\/p>\n<p>Il s&rsquo;attaque au SLAM avec \u00ab\u00a0ECHOES CHAPTER ONE, NUBIAN VOYAGER\u00a0\u00bb. Il compose la majeure partie de l&rsquo;album. A partir des voix qu&rsquo;il re\u00e7oit, il construit tout un univers musical autour des po\u00e8tes.<\/p>\n<p><b><i>2005-2006<\/i><\/b><\/p>\n<p>Directeur artistique chez MORGAN PROD un label marseillais ind\u00e9pendant. Compose des th\u00e8mes musicaux pour la s\u00e9rie \u00ab\u00a0sous le soleil\u00a0\u00bb TF1.<\/p>\n<p><b><i>2007<\/i><\/b><\/p>\n<p>Il compose la m\u00e9lodie de \u00ab\u00a0avec tout mon amour\u00a0\u00bb, un tube de M\u00e9lissa artiste RNB sur lequel appara\u00eet Akhenaton leader du groupe IAM. Ce m\u00eame titre devient le premier single officiel de la BO du film TAXI 4 produit par Luc Besson.<\/p>\n<p>Il arrange et \u00e9crit \u00ab\u00a0ELLE\u00a0\u00bb pour la m\u00eame artiste, une reprise de Stevie Wonder.<\/p>\n<p>Il \u00e9crit la musique d&rsquo;un spectacle pour enfants \u00ab\u00a0La Balade d&rsquo;Alijo\u00a0\u00bb pour l&rsquo;op\u00e9ra de Bordeaux.<\/p>\n<p>Il arrange, r\u00e9alise et mixe une reprise de U2 \u00ab\u00a0 with or without you\u00a0\u00bb pour une compilation \u00ab\u00a0 U2 FOR AFRICA\u00a0\u00bb dont la sortie est pr\u00e9vue courant \u00e9t\u00e9 2007 aux Etats-Unis.<\/p>\n<p><b><i>2008-2010<\/i><\/b><\/p>\n<p>Mounir s&rsquo;enferme dans son studio pour travailler comme producer et parfois compositeur sur de nombreux projets. Comme r\u00e9guli\u00e8rement avec Oryane Wilson. Il compose et produit \u00ab\u00a0Don&rsquo;t Stop\u00a0\u00bb qui sera sign\u00e9 chez Polydor, mais pas d\u00e9velopp\u00e9 suite au changement d&rsquo;\u00e9quipe et de direction. Il \u00e9crit et compose \u00ab\u00a0I Love You\u00a0\u00bb qui a le potentiel d&rsquo;un tube. Un clip est tourn\u00e9e, le titre Yacast. Tout en poursuivant l&rsquo;architecture de l&rsquo;album de Oryane, d&rsquo;autres projets voient le jour.<\/p>\n<p><b><i>2011<\/i><\/b><\/p>\n<p>\u00ab\u00a02nite is your night\u00a0\u00bb compos\u00e9 pour Oryane rentre en play list sur FUN Radio et 7 fois compil\u00e9 sur le 2e semestre.<\/p>\n<p><span style=\"color:#2a881b;\"><strong>Discographie :<\/strong><\/span><\/p>\n<p>1998 : &#8211; Princesses Nubiennes &#8211;\u00a0Les Nubians, Virgin<\/p>\n<p>1998 : &#8211;\u00a0Makeda &#8211;\u00a0Les Nubians, Virgin<\/p>\n<p>1999 : &#8211;\u00a0L&rsquo;Heure de V\u00e9r &#8211;\u00a0Prodige Namor, Cr\u00e9puscule<\/p>\n<p>2000 : &#8211;\u00a0Touche d&rsquo;espoir &#8211;\u00a0Assassins, Delabel<\/p>\n<p>2003 : &#8211;\u00a0One Step Forward &#8211;\u00a0Les Nubians, Virgin<\/p>\n<p>2007 : &#8211;\u00a0Avec tout mon amour &#8211;\u00a0Melissa, Up Music\/Warner<\/p>\n<p>2009 : &#8211;\u00a0Don&rsquo; Stop &#8211;\u00a0<a href=\"https:\/\/wtplfrindexphpfr.wordpress.com\/oryane-wilson\/\">Oryane Wilson,<\/a> Polydor\/Universal<\/p>\n<p>2010 : &#8211;\u00a0I Love You &#8211;\u00a0<a href=\"https:\/\/wtplfrindexphpfr.wordpress.com\/oryane-wilson\/\">Oryane Wilson<\/a>, Booster<\/p>\n<p>2011 : &#8211;\u00a02Nite is your night &#8211;\u00a0<a href=\"https:\/\/wtplfrindexphpfr.wordpress.com\/oryane-wilson\/\">Oryane<\/a>, Booster\/Happy Music<\/p>\n<p><strong><span style=\"color:#2a881b;\">Lien utile :<\/span><\/strong><\/p>\n<p><span style=\"color:#2a881b;\"><a style=\"color:#2a881b;\" href=\"http:\/\/www.myspace.com\/mounirbelkhir\">Myspace<\/a><\/span><\/p>\n","protected":false},"excerpt":{"rendered":"<p>COMPOSITEUR AUX MULTIPLES FACETTES On l&rsquo;appelle \u00ab\u00a0the poetic producer\u00a0\u00bb, \u00ab\u00a0the soulful producer\u00a0\u00bb, le \u00ab\u00a0magicien\u00a0\u00bb, il est l&rsquo;homme de tous les possibles, du Hip Hop \u00e0 la chanson fran\u00e7aise, en passant par le jazz, la soul, le ragga, la musique africaine, la musique de film, ou bien le slam&#8230;bref, il sait tout faire. Cet artiste autodidacte [&hellip;]<\/p>\n","protected":false},"author":1,"featured_media":654,"parent":0,"menu_order":0,"comment_status":"closed","ping_status":"closed","template":"","meta":[],"_links":{"self":[{"href":"https:\/\/wtpl.fr\/index.php\/wp-json\/wp\/v2\/pages\/615"}],"collection":[{"href":"https:\/\/wtpl.fr\/index.php\/wp-json\/wp\/v2\/pages"}],"about":[{"href":"https:\/\/wtpl.fr\/index.php\/wp-json\/wp\/v2\/types\/page"}],"author":[{"embeddable":true,"href":"https:\/\/wtpl.fr\/index.php\/wp-json\/wp\/v2\/users\/1"}],"replies":[{"embeddable":true,"href":"https:\/\/wtpl.fr\/index.php\/wp-json\/wp\/v2\/comments?post=615"}],"version-history":[{"count":0,"href":"https:\/\/wtpl.fr\/index.php\/wp-json\/wp\/v2\/pages\/615\/revisions"}],"wp:featuredmedia":[{"embeddable":true,"href":"https:\/\/wtpl.fr\/index.php\/wp-json\/wp\/v2\/media\/654"}],"wp:attachment":[{"href":"https:\/\/wtpl.fr\/index.php\/wp-json\/wp\/v2\/media?parent=615"}],"curies":[{"name":"wp","href":"https:\/\/api.w.org\/{rel}","templated":true}]}}