{"id":2398,"date":"2017-10-07T15:39:49","date_gmt":"2017-10-07T13:39:49","guid":{"rendered":"http:\/\/wtpl.fr\/?page_id=2398"},"modified":"2019-08-28T10:30:58","modified_gmt":"2019-08-28T08:30:58","slug":"nos-services","status":"publish","type":"page","link":"https:\/\/wtpl.fr\/index.php\/nos-services\/","title":{"rendered":"Nos services et missions"},"content":{"rendered":"\n<div class=\"wp-block-media-text alignwide has-media-on-the-right\" style=\"grid-template-columns:auto 51%\"><figure class=\"wp-block-media-text__media\"><img loading=\"lazy\" width=\"684\" height=\"1024\" src=\"http:\/\/wtpl.fr\/wp-content\/uploads\/2019\/08\/concert-2565999_1920-684x1024.png\" alt=\"\" class=\"wp-image-2628\" srcset=\"https:\/\/wtpl.fr\/wp-content\/uploads\/2019\/08\/concert-2565999_1920-684x1024.png 684w, https:\/\/wtpl.fr\/wp-content\/uploads\/2019\/08\/concert-2565999_1920-200x300.png 200w, https:\/\/wtpl.fr\/wp-content\/uploads\/2019\/08\/concert-2565999_1920-768x1150.png 768w, https:\/\/wtpl.fr\/wp-content\/uploads\/2019\/08\/concert-2565999_1920.png 855w\" sizes=\"(max-width: 684px) 100vw, 684px\" \/><\/figure><div class=\"wp-block-media-text__content\">\n<p class=\"has-large-font-size\">Services<\/p>\n\n\n\n<h4>OFFRE POUR LES PROPRIETAIRES DE DROITS<\/h4>\n\n\n\n<ul><li>Gestion &amp; Administration \u00e9ditoriale<\/li><li>Sous-\u00e9dition \u00ab\u00a0Monde\u00a0\u00bb (hors pays d&rsquo;origine)<\/li><li>Gestion &amp; Administration des droits masters<\/li><li>Collecte &amp; Gestion des droits voisins (Producteur, interpr\u00e8te)<\/li><li>Licence &amp; Synchronisation<\/li><li>Distribution Physique &amp; Digitale<\/li><li>Cr\u00e9ation de soci\u00e9t\u00e9<\/li><li>Management<\/li><li>Consulting &amp; Formation<\/li><\/ul>\n\n\n\n<h4>OFFRE POUR LES UTILISATEURS DE DROITS<\/h4>\n\n\n\n<ul><li>Licence des catalogues repr\u00e9sent\u00e9s (Publishing &amp; Master)<\/li><li>Supervision musicale<\/li><li>Production ex\u00e9cutive<\/li><li>Coordination de compositeurs pour les projets audiovisuels et nouveaux m\u00e9dias<\/li><li>Business Affairs<\/li><li>Produits Sp\u00e9ciaux &amp; Premium<\/li><li>Consulting &amp; Formation<\/li><\/ul>\n\n\n\n<h2>Missions<\/h2>\n\n\n\n<ul><li>L&rsquo;\u00e9dition musicale<\/li><li>La sous \u00e9dition musicale<\/li><li>La promotion des \u0153uvres<\/li><li>La gestion \u00e9ditoriale de droit<\/li><li>La synchronisation<\/li><\/ul>\n<\/div><\/div>\n","protected":false},"excerpt":{"rendered":"<p>Services OFFRE POUR LES PROPRIETAIRES DE DROITS Gestion &amp; Administration \u00e9ditoriale Sous-\u00e9dition \u00ab\u00a0Monde\u00a0\u00bb (hors pays d&rsquo;origine) Gestion &amp; Administration des droits masters Collecte &amp; Gestion des droits voisins (Producteur, interpr\u00e8te) Licence &amp; Synchronisation Distribution Physique &amp; Digitale Cr\u00e9ation de soci\u00e9t\u00e9 Management Consulting &amp; Formation OFFRE POUR LES UTILISATEURS DE DROITS Licence des catalogues repr\u00e9sent\u00e9s (Publishing [&hellip;]<\/p>\n","protected":false},"author":1,"featured_media":2600,"parent":0,"menu_order":0,"comment_status":"closed","ping_status":"closed","template":"","meta":[],"_links":{"self":[{"href":"https:\/\/wtpl.fr\/index.php\/wp-json\/wp\/v2\/pages\/2398"}],"collection":[{"href":"https:\/\/wtpl.fr\/index.php\/wp-json\/wp\/v2\/pages"}],"about":[{"href":"https:\/\/wtpl.fr\/index.php\/wp-json\/wp\/v2\/types\/page"}],"author":[{"embeddable":true,"href":"https:\/\/wtpl.fr\/index.php\/wp-json\/wp\/v2\/users\/1"}],"replies":[{"embeddable":true,"href":"https:\/\/wtpl.fr\/index.php\/wp-json\/wp\/v2\/comments?post=2398"}],"version-history":[{"count":6,"href":"https:\/\/wtpl.fr\/index.php\/wp-json\/wp\/v2\/pages\/2398\/revisions"}],"predecessor-version":[{"id":2630,"href":"https:\/\/wtpl.fr\/index.php\/wp-json\/wp\/v2\/pages\/2398\/revisions\/2630"}],"wp:featuredmedia":[{"embeddable":true,"href":"https:\/\/wtpl.fr\/index.php\/wp-json\/wp\/v2\/media\/2600"}],"wp:attachment":[{"href":"https:\/\/wtpl.fr\/index.php\/wp-json\/wp\/v2\/media?parent=2398"}],"curies":[{"name":"wp","href":"https:\/\/api.w.org\/{rel}","templated":true}]}}