{"id":2270,"date":"2017-02-10T15:16:37","date_gmt":"2017-02-10T14:16:37","guid":{"rendered":"http:\/\/wtpl.fr\/?page_id=2270"},"modified":"2026-01-09T18:02:25","modified_gmt":"2026-01-09T17:02:25","slug":"nos-nouveautes","status":"publish","type":"page","link":"https:\/\/wtpl.fr\/","title":{"rendered":"Publishing and more since 1991"},"content":{"rendered":"\t\t<div data-elementor-type=\"wp-page\" data-elementor-id=\"2270\" class=\"elementor elementor-2270\">\n\t\t\t\t\t\t<div class=\"elementor-inner\">\n\t\t\t\t<div class=\"elementor-section-wrap\">\n\t\t\t\t\t\t\t\t\t<section class=\"elementor-section elementor-top-section elementor-element elementor-element-5d84d75 elementor-section-boxed elementor-section-height-default elementor-section-height-default\" data-id=\"5d84d75\" data-element_type=\"section\">\n\t\t\t\t\t\t<div class=\"elementor-container elementor-column-gap-default\">\n\t\t\t\t\t\t\t<div class=\"elementor-row\">\n\t\t\t\t\t<div class=\"elementor-column elementor-col-100 elementor-top-column elementor-element elementor-element-afd484b\" data-id=\"afd484b\" data-element_type=\"column\">\n\t\t\t<div class=\"elementor-column-wrap elementor-element-populated\">\n\t\t\t\t\t\t\t<div class=\"elementor-widget-wrap\">\n\t\t\t\t\t\t<div class=\"elementor-element elementor-element-9b756da elementor-widget elementor-widget-text-editor\" data-id=\"9b756da\" data-element_type=\"widget\" data-widget_type=\"text-editor.default\">\n\t\t\t\t<div class=\"elementor-widget-container\">\n\t\t\t\t\t\t\t\t<div class=\"elementor-text-editor elementor-clearfix\">\n\t\t\t\t<p><b>WTPL Music<\/b> est une soci\u00e9t\u00e9 d&rsquo;\u00e9dition cr\u00e9\u00e9e par des Artistes (The Barking Dogs) en 1991.<\/p><p>La soci\u00e9t\u00e9 a ouvert son catalogue \u00e0 d&rsquo;autres projets et accompagne des auteurs.trices, compositeurs.trices dans toutes les esth\u00e9tiques.<\/p><p><b>WTPL Music<\/b> est \u00e9galement gestionnaire \u00e9ditorial pour d&rsquo;autres \u00e9diteurs, gestionnaire patrimonial pour les ayants droits<\/p><p>La partie placement &amp; synchro est confi\u00e9e \u00e0 <a href=\"http:\/\/www.royal-sync.com\">Royal Sync<\/a><\/p><p>Les sessions d&rsquo;\u00e9criture s&rsquo;appellent les \u00ab\u00a0Woof Camp\u00a0\u00bb et ont lieu r\u00e9guli\u00e8rement pour \u00e9crire des chansons pour des interpr\u00e8tes, de la musique sur mesure<\/p><p>\u00a0<\/p><p>\u00a0<\/p>\t\t\t\t\t<\/div>\n\t\t\t\t\t\t<\/div>\n\t\t\t\t<\/div>\n\t\t\t\t\t\t<\/div>\n\t\t\t\t\t<\/div>\n\t\t<\/div>\n\t\t\t\t\t\t\t\t<\/div>\n\t\t\t\t\t<\/div>\n\t\t<\/section>\n\t\t\t\t<section class=\"elementor-section elementor-top-section elementor-element elementor-element-b61b46f elementor-section-boxed elementor-section-height-default elementor-section-height-default\" data-id=\"b61b46f\" data-element_type=\"section\">\n\t\t\t\t\t\t<div class=\"elementor-container elementor-column-gap-default\">\n\t\t\t\t\t\t\t<div class=\"elementor-row\">\n\t\t\t\t\t<div class=\"elementor-column elementor-col-100 elementor-top-column elementor-element elementor-element-78224d0\" data-id=\"78224d0\" data-element_type=\"column\">\n\t\t\t<div class=\"elementor-column-wrap elementor-element-populated\">\n\t\t\t\t\t\t\t<div class=\"elementor-widget-wrap\">\n\t\t\t\t\t\t<div class=\"elementor-element elementor-element-3ff0626 elementor-widget elementor-widget-text-editor\" data-id=\"3ff0626\" data-element_type=\"widget\" data-widget_type=\"text-editor.default\">\n\t\t\t\t<div class=\"elementor-widget-container\">\n\t\t\t\t\t\t\t\t<div class=\"elementor-text-editor elementor-clearfix\">\n\t\t\t\t<p>\u00a0 \u00a0 \u00a0 \u00a0 \u00a0 \u00a0 \u00a0 \u00a0 \u00a0 \u00a0 \u00a0 \u00a0 \u00a0 \u00a0 \u00a0 \u00a0 \u00a0 \u00a0 \u00a0 \u00a0 \u00a0 \u00a0 \u00a0 \u00a0 \u00a0 \u00a0 \u00a0 \u00a0 \u00a0 \u00a0 \u00a0 \u00a0\u00a0<img loading=\"lazy\" class=\"alignnone wp-image-2971 size-thumbnail\" src=\"http:\/\/wtpl.fr\/wp-content\/uploads\/2026\/01\/WoofCamprond-150x150.png\" alt=\"\" width=\"150\" height=\"150\" srcset=\"https:\/\/wtpl.fr\/wp-content\/uploads\/2026\/01\/WoofCamprond-150x150.png 150w, https:\/\/wtpl.fr\/wp-content\/uploads\/2026\/01\/WoofCamprond-300x300.png 300w, https:\/\/wtpl.fr\/wp-content\/uploads\/2026\/01\/WoofCamprond.png 303w\" sizes=\"(max-width: 150px) 100vw, 150px\" \/><\/p>\t\t\t\t\t<\/div>\n\t\t\t\t\t\t<\/div>\n\t\t\t\t<\/div>\n\t\t\t\t\t\t<\/div>\n\t\t\t\t\t<\/div>\n\t\t<\/div>\n\t\t\t\t\t\t\t\t<\/div>\n\t\t\t\t\t<\/div>\n\t\t<\/section>\n\t\t\t\t\t\t\t\t\t<\/div>\n\t\t\t<\/div>\n\t\t\t\t\t<\/div>\n\t\t","protected":false},"excerpt":{"rendered":"<p>WTPL Music est une soci\u00e9t\u00e9 d&rsquo;\u00e9dition cr\u00e9\u00e9e par des Artistes (The Barking Dogs) en 1991. La soci\u00e9t\u00e9 a ouvert son catalogue \u00e0 d&rsquo;autres projets et accompagne des auteurs.trices, compositeurs.trices dans toutes les esth\u00e9tiques. WTPL Music est \u00e9galement gestionnaire \u00e9ditorial pour d&rsquo;autres \u00e9diteurs, gestionnaire patrimonial pour les ayants droits La partie placement &amp; synchro est confi\u00e9e [&hellip;]<\/p>\n","protected":false},"author":1,"featured_media":2598,"parent":0,"menu_order":0,"comment_status":"closed","ping_status":"closed","template":"","meta":[],"_links":{"self":[{"href":"https:\/\/wtpl.fr\/index.php\/wp-json\/wp\/v2\/pages\/2270"}],"collection":[{"href":"https:\/\/wtpl.fr\/index.php\/wp-json\/wp\/v2\/pages"}],"about":[{"href":"https:\/\/wtpl.fr\/index.php\/wp-json\/wp\/v2\/types\/page"}],"author":[{"embeddable":true,"href":"https:\/\/wtpl.fr\/index.php\/wp-json\/wp\/v2\/users\/1"}],"replies":[{"embeddable":true,"href":"https:\/\/wtpl.fr\/index.php\/wp-json\/wp\/v2\/comments?post=2270"}],"version-history":[{"count":119,"href":"https:\/\/wtpl.fr\/index.php\/wp-json\/wp\/v2\/pages\/2270\/revisions"}],"predecessor-version":[{"id":2977,"href":"https:\/\/wtpl.fr\/index.php\/wp-json\/wp\/v2\/pages\/2270\/revisions\/2977"}],"wp:featuredmedia":[{"embeddable":true,"href":"https:\/\/wtpl.fr\/index.php\/wp-json\/wp\/v2\/media\/2598"}],"wp:attachment":[{"href":"https:\/\/wtpl.fr\/index.php\/wp-json\/wp\/v2\/media?parent=2270"}],"curies":[{"name":"wp","href":"https:\/\/api.w.org\/{rel}","templated":true}]}}