{"id":2143,"date":"2017-02-08T14:47:23","date_gmt":"2017-02-08T13:47:23","guid":{"rendered":"http:\/\/wtpl.fr\/?page_id=2143"},"modified":"2019-08-28T14:32:27","modified_gmt":"2019-08-28T12:32:27","slug":"qui-nous-sommes","status":"publish","type":"page","link":"https:\/\/wtpl.fr\/index.php\/wtpl-music\/qui-nous-sommes\/","title":{"rendered":"Qui sommes nous ?"},"content":{"rendered":"<p>Vous trouverez gr\u00e2ce \u00e0 cet onglet une pr\u00e9sentation g\u00e9n\u00e9rale de la soci\u00e9t\u00e9 et son histoire.<\/p>\n","protected":false},"excerpt":{"rendered":"<p>Vous trouverez gr\u00e2ce \u00e0 cet onglet une pr\u00e9sentation g\u00e9n\u00e9rale de la soci\u00e9t\u00e9 et son histoire.<\/p>\n","protected":false},"author":1,"featured_media":0,"parent":1117,"menu_order":0,"comment_status":"closed","ping_status":"closed","template":"","meta":[],"_links":{"self":[{"href":"https:\/\/wtpl.fr\/index.php\/wp-json\/wp\/v2\/pages\/2143"}],"collection":[{"href":"https:\/\/wtpl.fr\/index.php\/wp-json\/wp\/v2\/pages"}],"about":[{"href":"https:\/\/wtpl.fr\/index.php\/wp-json\/wp\/v2\/types\/page"}],"author":[{"embeddable":true,"href":"https:\/\/wtpl.fr\/index.php\/wp-json\/wp\/v2\/users\/1"}],"replies":[{"embeddable":true,"href":"https:\/\/wtpl.fr\/index.php\/wp-json\/wp\/v2\/comments?post=2143"}],"version-history":[{"count":3,"href":"https:\/\/wtpl.fr\/index.php\/wp-json\/wp\/v2\/pages\/2143\/revisions"}],"predecessor-version":[{"id":2296,"href":"https:\/\/wtpl.fr\/index.php\/wp-json\/wp\/v2\/pages\/2143\/revisions\/2296"}],"up":[{"embeddable":true,"href":"https:\/\/wtpl.fr\/index.php\/wp-json\/wp\/v2\/pages\/1117"}],"wp:attachment":[{"href":"https:\/\/wtpl.fr\/index.php\/wp-json\/wp\/v2\/media?parent=2143"}],"curies":[{"name":"wp","href":"https:\/\/api.w.org\/{rel}","templated":true}]}}