{"id":1133,"date":"2017-01-16T18:16:34","date_gmt":"2017-01-16T17:16:34","guid":{"rendered":"https:\/\/wtplfrindexphpfr.wordpress.com\/?page_id=1133"},"modified":"2017-01-16T18:16:34","modified_gmt":"2017-01-16T17:16:34","slug":"k-pone-inc-publishing","status":"publish","type":"page","link":"https:\/\/wtpl.fr\/index.php\/k-pone-inc-publishing\/","title":{"rendered":"K-Pone Inc Publishing"},"content":{"rendered":"<p>En 2006, c&rsquo;est aussi l&rsquo;ann\u00e9e de la cr\u00e9ation de K-Pone Inc Publishing. Install\u00e9e \u00e0 Montr\u00e9al, adoss\u00e9e \u00e0 K-Pone Inc Music Group, la soci\u00e9t\u00e9 d&rsquo;\u00e9dition de K.Maro, en co-\u00e9dition avec Warner Chappell pour le monde (sauf Canada), est g\u00e9r\u00e9e par Xavier Collin. Celui-ci participe au \u00ab\u00a0casting\u00a0\u00bb d&rsquo;une nouvelle artiste pour la soci\u00e9t\u00e9. Le choix se portera sur <img loading=\"lazy\" class=\"  wp-image-1135 alignright\" src=\"http:\/\/wtpl.fr\/wp-content\/uploads\/2017\/01\/capture-d_c3a9cran-2017-01-16-c3a0-18-10-04.png\" alt=\"capture-decran-2017-01-16-a-18-10-04\" width=\"177\" height=\"169\" \/>Shy&rsquo;m. \u00ab\u00a0Femme de couleur\u00a0\u00bb explose en radio et en TV, puis \u00ab\u00a0Victoire\u00a0\u00bb. Une production K-Pone avec les paroles de K.Maro, et la musique co-compos\u00e9 avec Louis C\u00f4t\u00e9. Le deuxi\u00e8me album de K.Maro vend autant que le premier : \u00ab\u00a0Million Dollar Boy\u00a0\u00bb !<\/p>\n<p><img loading=\"lazy\" class=\"  wp-image-1137 aligncenter\" src=\"http:\/\/wtpl.fr\/wp-content\/uploads\/2017\/01\/capture-d_c3a9cran-2017-01-16-c3a0-18-13-49.png\" alt=\"capture-decran-2017-01-16-a-18-13-49\" width=\"428\" height=\"83\" srcset=\"https:\/\/wtpl.fr\/wp-content\/uploads\/2017\/01\/capture-d_c3a9cran-2017-01-16-c3a0-18-13-49.png 834w, https:\/\/wtpl.fr\/wp-content\/uploads\/2017\/01\/capture-d_c3a9cran-2017-01-16-c3a0-18-13-49-300x58.png 300w, https:\/\/wtpl.fr\/wp-content\/uploads\/2017\/01\/capture-d_c3a9cran-2017-01-16-c3a0-18-13-49-768x149.png 768w\" sizes=\"(max-width: 428px) 100vw, 428px\" \/><\/p>\n<p>En 2006, les albums produits via Booster sortent dans le commerce en licence : \u00ab\u00a0Burning by the Sun\u00a0\u00bb (Obdurate) chez XIII Bis Records\/Sony-BMG, \u00ab\u00a0Instinct\u00a0\u00bb (Unswabbed) chez Codaex, \u00ab\u00a0Zion\u00a0\u00bb (Kayans) chez Atoll Music, \u00ab\u00a0Debout l\u00e0 d&rsquo;dans (Minist\u00e8re des Affaires Populaires) chez PIAS, \u00ab\u00a0Axiom\u00a0\u00bb (Axiom) chez ULM\/Universal.<\/p>\n<p>En septembre, T\u00e9tard entre en studio avec Robin Feix et Ga\u00e9tan Roussel de Louise Attaque pour la r\u00e9alisation de son 3e album : \u00ab\u00a0Faudra Faire Avec\u00a0\u00bb.<\/p>\n","protected":false},"excerpt":{"rendered":"<p>En 2006, c&rsquo;est aussi l&rsquo;ann\u00e9e de la cr\u00e9ation de K-Pone Inc Publishing. Install\u00e9e \u00e0 Montr\u00e9al, adoss\u00e9e \u00e0 K-Pone Inc Music Group, la soci\u00e9t\u00e9 d&rsquo;\u00e9dition de K.Maro, en co-\u00e9dition avec Warner Chappell pour le monde (sauf Canada), est g\u00e9r\u00e9e par Xavier Collin. Celui-ci participe au \u00ab\u00a0casting\u00a0\u00bb d&rsquo;une nouvelle artiste pour la soci\u00e9t\u00e9. Le choix se portera [&hellip;]<\/p>\n","protected":false},"author":1,"featured_media":0,"parent":0,"menu_order":0,"comment_status":"closed","ping_status":"closed","template":"","meta":[],"_links":{"self":[{"href":"https:\/\/wtpl.fr\/index.php\/wp-json\/wp\/v2\/pages\/1133"}],"collection":[{"href":"https:\/\/wtpl.fr\/index.php\/wp-json\/wp\/v2\/pages"}],"about":[{"href":"https:\/\/wtpl.fr\/index.php\/wp-json\/wp\/v2\/types\/page"}],"author":[{"embeddable":true,"href":"https:\/\/wtpl.fr\/index.php\/wp-json\/wp\/v2\/users\/1"}],"replies":[{"embeddable":true,"href":"https:\/\/wtpl.fr\/index.php\/wp-json\/wp\/v2\/comments?post=1133"}],"version-history":[{"count":0,"href":"https:\/\/wtpl.fr\/index.php\/wp-json\/wp\/v2\/pages\/1133\/revisions"}],"wp:attachment":[{"href":"https:\/\/wtpl.fr\/index.php\/wp-json\/wp\/v2\/media?parent=1133"}],"curies":[{"name":"wp","href":"https:\/\/api.w.org\/{rel}","templated":true}]}}