{"id":1117,"date":"2017-01-16T17:53:02","date_gmt":"2017-01-16T16:53:02","guid":{"rendered":"https:\/\/wtplfrindexphpfr.wordpress.com\/?page_id=1117"},"modified":"2024-02-19T17:00:33","modified_gmt":"2024-02-19T16:00:33","slug":"wtpl-music","status":"publish","type":"page","link":"https:\/\/wtpl.fr\/index.php\/wtpl-music\/","title":{"rendered":"WTPL Music"},"content":{"rendered":"<div class=\"wp-block-image\">\n<figure class=\"aligncenter\"><img loading=\"lazy\" width=\"150\" height=\"150\" src=\"http:\/\/wtpl.fr\/wp-content\/uploads\/2017\/02\/WTPL_300DPI-copie-150x150.png\" alt=\"\" class=\"wp-image-27\" srcset=\"https:\/\/wtpl.fr\/wp-content\/uploads\/2017\/02\/WTPL_300DPI-copie-150x150.png 150w, https:\/\/wtpl.fr\/wp-content\/uploads\/2017\/02\/WTPL_300DPI-copie-300x300.png 300w, https:\/\/wtpl.fr\/wp-content\/uploads\/2017\/02\/WTPL_300DPI-copie-768x768.png 768w, https:\/\/wtpl.fr\/wp-content\/uploads\/2017\/02\/WTPL_300DPI-copie-100x100.png 100w, https:\/\/wtpl.fr\/wp-content\/uploads\/2017\/02\/WTPL_300DPI-copie.png 1000w\" sizes=\"(max-width: 150px) 100vw, 150px\" \/><\/figure><\/div>\n\n\n<h5 class=\"has-text-align-center\"><em><strong>Maison d\u2019\u00e9dition musicale et plus encore, depuis 1991<\/strong><\/em><\/h5>\n\n\n\n<h2 class=\"has-text-align-center\">WORLD WIDE WOOF<\/h2>\n\n\n\n<h5 class=\"has-text-align-center\"><em>Plus de 65 pays couverts gr\u00e2ce \u00e0 nos sous-\u00e9diteurs<\/em><\/h5>\n\n\n\n<div class=\"wp-block-media-text alignwide is-stacked-on-mobile\" style=\"grid-template-columns:35% auto\"><figure class=\"wp-block-media-text__media\"><img loading=\"lazy\" width=\"617\" height=\"1024\" src=\"http:\/\/wtpl.fr\/wp-content\/uploads\/2017\/01\/WoofLogoblanc-1-617x1024.jpg\" alt=\"\" class=\"wp-image-2392 size-full\" srcset=\"https:\/\/wtpl.fr\/wp-content\/uploads\/2017\/01\/WoofLogoblanc-1-617x1024.jpg 617w, https:\/\/wtpl.fr\/wp-content\/uploads\/2017\/01\/WoofLogoblanc-1-181x300.jpg 181w, https:\/\/wtpl.fr\/wp-content\/uploads\/2017\/01\/WoofLogoblanc-1-768x1274.jpg 768w, https:\/\/wtpl.fr\/wp-content\/uploads\/2017\/01\/WoofLogoblanc-1.jpg 1947w\" sizes=\"(max-width: 617px) 100vw, 617px\" \/><\/figure><div class=\"wp-block-media-text__content\">\n<h2><strong>Europe<\/strong><\/h2>\n\n\n\n<ul><li>WoofBox (UK)<\/li><li>Woof G (Allemagne, Austriche, Suisse)<\/li><li>WTPL Music (France)<\/li><li>Collect! (Hollande, Belgique)<\/li><li>Evolution Music (Italie)<\/li><li>Bj\u00f6rlund AB (Su\u00e8de, Norv\u00e8ge, Danemark, Finlande, Estonie, Lituanie, Lettonie)<\/li><li>Schubert Music (Pologne, Roumanie, R\u00e9publique Tch\u00e8que, Hongrie, Bulgarie, Slovaquie)<\/li><li>Lusitanian (Espagne, Portugal)<\/li><\/ul>\n<\/div><\/div>\n\n\n\n<div class=\"wp-block-media-text alignwide has-media-on-the-right is-stacked-on-mobile\" style=\"grid-template-columns:auto 24%\"><figure class=\"wp-block-media-text__media\"><img loading=\"lazy\" width=\"320\" height=\"1024\" src=\"http:\/\/wtpl.fr\/wp-content\/uploads\/2019\/08\/microphone-2574511_1920-1-320x1024.png\" alt=\"\" class=\"wp-image-2625 size-full\" srcset=\"https:\/\/wtpl.fr\/wp-content\/uploads\/2019\/08\/microphone-2574511_1920-1-320x1024.png 320w, https:\/\/wtpl.fr\/wp-content\/uploads\/2019\/08\/microphone-2574511_1920-1-94x300.png 94w\" sizes=\"(max-width: 320px) 100vw, 320px\" \/><\/figure><div class=\"wp-block-media-text__content\">\n<p class=\"has-large-font-size\"><strong>Plus \u00e0 l&rsquo;est<\/strong><\/p>\n\n\n\n<ul><li>Broma 16 (Russie, Ukraine, Bi\u00e9lorussie, Moldavie, Azerba\u00efdjan, Arm\u00e9nie, G\u00e9orgie, Kazakhstan, Kirghizistan, Tadjikistan, Ouzb\u00e9kistan, Turkm\u00e9nistan)<\/li><li>M\u00e9dian M\u00fczik Edisyon (Turquie)<\/li><li>Gulliver Music Publishing (Isra\u00ebl)<\/li><\/ul>\n\n\n\n<h2><strong>Am\u00e9rique du Nord<\/strong><\/h2>\n\n\n\n<ul><li> Woof Music (USA)<br>Leit Motiv (Canada) <\/li><\/ul>\n\n\n\n<h2><strong>Plus au sud<\/strong><\/h2>\n\n\n\n<ul><li>Sheer Publishing (Afrique du Sud)<\/li><li>Music Brokers Publishing SRL (Argentine)<\/li><li>Altafonte (Mexique, Colombie, Chili, Argentine&#8230;)<\/li><li>Unlimited Music Produ\u00e7\u00e3o Artisticas (Br\u00e9sil)<\/li><\/ul>\n\n\n\n<h2><strong>Asie<\/strong><\/h2>\n\n\n\n<ul><li>Gig In Japan (Japon)<\/li><li>U&rsquo;S Music (Japon)<\/li><li>Maco&rsquo;n Major\u00a0 (Cor\u00e9e du Sud)<\/li><li>Lee Way (Cor\u00e9e du Sud)<\/li><li>Amusic Rights (Singapour, Chine)<\/li><li>en cours de signature (Australie, Thailande, Ta\u00efwan&#8230;)<\/li><\/ul>\n\n\n\n<h2>Afrique<\/h2>\n\n\n\n<ul><li>GH Music Publishing (Ghana)<\/li><li>en cours de signature (Congo, S\u00e9n\u00e9gal, B\u00e9nin&#8230;)<\/li><\/ul>\n\n\n\n<p><\/p>\n<\/div><\/div>\n","protected":false},"excerpt":{"rendered":"<p>Maison d\u2019\u00e9dition musicale et plus encore, depuis 1991 WORLD WIDE WOOF Plus de 65 pays couverts gr\u00e2ce \u00e0 nos sous-\u00e9diteurs Europe WoofBox (UK) Woof G (Allemagne, Austriche, Suisse) WTPL Music (France) Collect! (Hollande, Belgique) Evolution Music (Italie) Bj\u00f6rlund AB (Su\u00e8de, Norv\u00e8ge, Danemark, Finlande, Estonie, Lituanie, Lettonie) Schubert Music (Pologne, Roumanie, R\u00e9publique Tch\u00e8que, Hongrie, Bulgarie, Slovaquie) [&hellip;]<\/p>\n","protected":false},"author":1,"featured_media":2600,"parent":0,"menu_order":0,"comment_status":"closed","ping_status":"closed","template":"","meta":[],"_links":{"self":[{"href":"https:\/\/wtpl.fr\/index.php\/wp-json\/wp\/v2\/pages\/1117"}],"collection":[{"href":"https:\/\/wtpl.fr\/index.php\/wp-json\/wp\/v2\/pages"}],"about":[{"href":"https:\/\/wtpl.fr\/index.php\/wp-json\/wp\/v2\/types\/page"}],"author":[{"embeddable":true,"href":"https:\/\/wtpl.fr\/index.php\/wp-json\/wp\/v2\/users\/1"}],"replies":[{"embeddable":true,"href":"https:\/\/wtpl.fr\/index.php\/wp-json\/wp\/v2\/comments?post=1117"}],"version-history":[{"count":21,"href":"https:\/\/wtpl.fr\/index.php\/wp-json\/wp\/v2\/pages\/1117\/revisions"}],"predecessor-version":[{"id":2933,"href":"https:\/\/wtpl.fr\/index.php\/wp-json\/wp\/v2\/pages\/1117\/revisions\/2933"}],"wp:featuredmedia":[{"embeddable":true,"href":"https:\/\/wtpl.fr\/index.php\/wp-json\/wp\/v2\/media\/2600"}],"wp:attachment":[{"href":"https:\/\/wtpl.fr\/index.php\/wp-json\/wp\/v2\/media?parent=1117"}],"curies":[{"name":"wp","href":"https:\/\/api.w.org\/{rel}","templated":true}]}}