{"id":1042,"date":"2017-01-16T12:38:59","date_gmt":"2017-01-16T11:38:59","guid":{"rendered":"https:\/\/wtplfrindexphpfr.wordpress.com\/?page_id=1042"},"modified":"2017-10-07T16:39:27","modified_gmt":"2017-10-07T14:39:27","slug":"u-p-f-i","status":"publish","type":"page","link":"https:\/\/wtpl.fr\/index.php\/u-p-f-i\/","title":{"rendered":"U.P.F.I."},"content":{"rendered":"<p>L&rsquo;UPFI est une organisation professionnelle qui regroupe les principaux producteurs et distributeurs ind\u00e9pendants fran\u00e7ais. L&rsquo;UPFI agit comme un porte-parole de la profession et structure la r\u00e9flexion, l&rsquo;action et la communication sur le m\u00e9tier de producteur ind\u00e9pendant.<\/p>\n<p>Qu&rsquo;est-ce qu&rsquo;\u00eatre ind\u00e9pendant ? L&rsquo;ind\u00e9pendant se d\u00e9finit n\u00e9gativement comme celui qui n&rsquo;est pas une major et ne d\u00e9pend pas pour ses d\u00e9cisions op\u00e9rationnelles d&rsquo;un groupe multinational. Mais cette d\u00e9finition est insuffisante \u00e0 rendre compte de la valeur de l&rsquo;ind\u00e9pendance. Les structures ind\u00e9pendantes sont souvent flexibles, dynamiques, attach\u00e9es \u00e0 la relations humaines qui les lient \u00e0 leurs artistes et \u00e0 leur personnel. Elles sont port\u00e9es par la personnalit\u00e9 et la passion d&rsquo;hommes et de femmes qui inscrivent leur projet dans la dur\u00e9e. La diversit\u00e9 de ces structures est garante de la multiplicit\u00e9 des investissements, de l&rsquo;originalit\u00e9 et de la diversit\u00e9 de la production musicale en France.<\/p>\n<p><img loading=\"lazy\" class=\" size-full wp-image-1044 aligncenter\" src=\"http:\/\/wtpl.fr\/wp-content\/uploads\/2017\/01\/capture-d_c3a9cran-2017-01-16-c3a0-12-38-14.png?w=532\" alt=\"Capture d\u2019e\u0301cran 2017-01-16 a\u0300 12.38.14.png\" width=\"266\" height=\"330\" srcset=\"https:\/\/wtpl.fr\/wp-content\/uploads\/2017\/01\/capture-d_c3a9cran-2017-01-16-c3a0-12-38-14.png 366w, https:\/\/wtpl.fr\/wp-content\/uploads\/2017\/01\/capture-d_c3a9cran-2017-01-16-c3a0-12-38-14-242x300.png 242w\" sizes=\"(max-width: 266px) 100vw, 266px\" \/><\/p>\n<p><em>Xavier Collin est au C.A. depuis 2008<\/em><\/p>\n","protected":false},"excerpt":{"rendered":"<p>L&rsquo;UPFI est une organisation professionnelle qui regroupe les principaux producteurs et distributeurs ind\u00e9pendants fran\u00e7ais. L&rsquo;UPFI agit comme un porte-parole de la profession et structure la r\u00e9flexion, l&rsquo;action et la communication sur le m\u00e9tier de producteur ind\u00e9pendant. Qu&rsquo;est-ce qu&rsquo;\u00eatre ind\u00e9pendant ? L&rsquo;ind\u00e9pendant se d\u00e9finit n\u00e9gativement comme celui qui n&rsquo;est pas une major et ne d\u00e9pend pas [&hellip;]<\/p>\n","protected":false},"author":1,"featured_media":0,"parent":0,"menu_order":0,"comment_status":"closed","ping_status":"closed","template":"","meta":[],"_links":{"self":[{"href":"https:\/\/wtpl.fr\/index.php\/wp-json\/wp\/v2\/pages\/1042"}],"collection":[{"href":"https:\/\/wtpl.fr\/index.php\/wp-json\/wp\/v2\/pages"}],"about":[{"href":"https:\/\/wtpl.fr\/index.php\/wp-json\/wp\/v2\/types\/page"}],"author":[{"embeddable":true,"href":"https:\/\/wtpl.fr\/index.php\/wp-json\/wp\/v2\/users\/1"}],"replies":[{"embeddable":true,"href":"https:\/\/wtpl.fr\/index.php\/wp-json\/wp\/v2\/comments?post=1042"}],"version-history":[{"count":1,"href":"https:\/\/wtpl.fr\/index.php\/wp-json\/wp\/v2\/pages\/1042\/revisions"}],"predecessor-version":[{"id":2435,"href":"https:\/\/wtpl.fr\/index.php\/wp-json\/wp\/v2\/pages\/1042\/revisions\/2435"}],"wp:attachment":[{"href":"https:\/\/wtpl.fr\/index.php\/wp-json\/wp\/v2\/media?parent=1042"}],"curies":[{"name":"wp","href":"https:\/\/api.w.org\/{rel}","templated":true}]}}